{"id":8941,"date":"2026-02-26T10:08:00","date_gmt":"2026-02-26T10:08:00","guid":{"rendered":"https:\/\/amorabrava.celeumasandbox.pt\/?post_type=product&#038;p=8941"},"modified":"2026-02-26T14:53:40","modified_gmt":"2026-02-26T14:53:40","slug":"indio-rei-dao-dop-6","status":"publish","type":"product","link":"https:\/\/amorabrava.celeumasandbox.pt\/en\/product\/indio-rei-dao-dop-6\/","title":{"rendered":"\u00cdndio Rei D\u00e3o DOP"},"content":{"rendered":"","protected":false},"excerpt":{"rendered":"<p>Cl\u00e1ssico da gama \u00cdndio Rei, com perfil elegante e aromas t\u00edpicos do D\u00e3o.<\/p>","protected":false},"featured_media":8942,"comment_status":"open","ping_status":"closed","template":"","meta":{"_acf_changed":false},"product_brand":[],"product_cat":[156,158],"product_tag":[],"class_list":{"0":"post-8941","1":"product","2":"type-product","3":"status-publish","4":"has-post-thumbnail","6":"product_cat-vinhos","7":"product_cat-indio-rei","9":"first","10":"instock","11":"featured","12":"taxable","13":"shipping-taxable","14":"product-type-simple"},"acf":[],"yoast_head":"<!-- This site is optimized with the Yoast SEO plugin v26.8 - https:\/\/yoast.com\/product\/yoast-seo-wordpress\/ -->\n<title>\u00cdndio Rei D\u00e3o DOP - Amora Brava<\/title>\n<meta name=\"robots\" content=\"noindex, follow, max-snippet:-1, max-image-preview:large, max-video-preview:-1\" \/>\n<meta property=\"og:locale\" content=\"en_GB\" \/>\n<meta property=\"og:type\" content=\"article\" \/>\n<meta property=\"og:title\" content=\"\u00cdndio Rei D\u00e3o DOP - Amora Brava\" \/>\n<meta property=\"og:description\" content=\"Cl\u00e1ssico da gama \u00cdndio Rei, com perfil elegante e aromas t\u00edpicos do D\u00e3o.\" \/>\n<meta property=\"og:url\" content=\"https:\/\/amorabrava.celeumasandbox.pt\/en\/product\/indio-rei-dao-dop-6\/\" \/>\n<meta property=\"og:site_name\" content=\"Amora Brava\" \/>\n<meta property=\"article:modified_time\" content=\"2026-02-26T14:53:40+00:00\" \/>\n<meta property=\"og:image\" content=\"https:\/\/amorabrava.celeumasandbox.pt\/wp-content\/uploads\/2026\/02\/25_0582-scaled.png\" \/>\n\t<meta property=\"og:image:width\" content=\"1707\" \/>\n\t<meta property=\"og:image:height\" content=\"2560\" \/>\n\t<meta property=\"og:image:type\" content=\"image\/png\" \/>\n<meta name=\"twitter:card\" content=\"summary_large_image\" \/>\n<meta name=\"twitter:label1\" content=\"Estimated reading time\" \/>\n\t<meta name=\"twitter:data1\" content=\"1 minute\" \/>\n<script type=\"application\/ld+json\" class=\"yoast-schema-graph\">{\"@context\":\"https:\/\/schema.org\",\"@graph\":[{\"@type\":\"WebPage\",\"@id\":\"https:\/\/amorabrava.celeumasandbox.pt\/produto\/indio-rei-dao-dop-6\/\",\"url\":\"https:\/\/amorabrava.celeumasandbox.pt\/produto\/indio-rei-dao-dop-6\/\",\"name\":\"\u00cdndio Rei D\u00e3o DOP - Amora Brava\",\"isPartOf\":{\"@id\":\"https:\/\/amorabrava.celeumasandbox.pt\/#website\"},\"primaryImageOfPage\":{\"@id\":\"https:\/\/amorabrava.celeumasandbox.pt\/produto\/indio-rei-dao-dop-6\/#primaryimage\"},\"image\":{\"@id\":\"https:\/\/amorabrava.celeumasandbox.pt\/produto\/indio-rei-dao-dop-6\/#primaryimage\"},\"thumbnailUrl\":\"https:\/\/amorabrava.celeumasandbox.pt\/wp-content\/uploads\/2026\/02\/25_0582-scaled.png\",\"datePublished\":\"2026-02-26T10:08:00+00:00\",\"dateModified\":\"2026-02-26T14:53:40+00:00\",\"breadcrumb\":{\"@id\":\"https:\/\/amorabrava.celeumasandbox.pt\/produto\/indio-rei-dao-dop-6\/#breadcrumb\"},\"inLanguage\":\"en-GB\",\"potentialAction\":[{\"@type\":\"ReadAction\",\"target\":[\"https:\/\/amorabrava.celeumasandbox.pt\/produto\/indio-rei-dao-dop-6\/\"]}]},{\"@type\":\"ImageObject\",\"inLanguage\":\"en-GB\",\"@id\":\"https:\/\/amorabrava.celeumasandbox.pt\/produto\/indio-rei-dao-dop-6\/#primaryimage\",\"url\":\"https:\/\/amorabrava.celeumasandbox.pt\/wp-content\/uploads\/2026\/02\/25_0582-scaled.png\",\"contentUrl\":\"https:\/\/amorabrava.celeumasandbox.pt\/wp-content\/uploads\/2026\/02\/25_0582-scaled.png\",\"width\":1707,\"height\":2560},{\"@type\":\"BreadcrumbList\",\"@id\":\"https:\/\/amorabrava.celeumasandbox.pt\/produto\/indio-rei-dao-dop-6\/#breadcrumb\",\"itemListElement\":[{\"@type\":\"ListItem\",\"position\":1,\"name\":\"In\u00edcio\",\"item\":\"https:\/\/amorabrava.celeumasandbox.pt\/\"},{\"@type\":\"ListItem\",\"position\":2,\"name\":\"Loja\",\"item\":\"https:\/\/amorabrava.celeumasandbox.pt\/loja\/\"},{\"@type\":\"ListItem\",\"position\":3,\"name\":\"\u00cdndio Rei D\u00e3o DOP\"}]},{\"@type\":\"WebSite\",\"@id\":\"https:\/\/amorabrava.celeumasandbox.pt\/#website\",\"url\":\"https:\/\/amorabrava.celeumasandbox.pt\/\",\"name\":\"Amora Brava\",\"description\":\"Portuguese Wines &amp; worldwide flavors\",\"publisher\":{\"@id\":\"https:\/\/amorabrava.celeumasandbox.pt\/#organization\"},\"potentialAction\":[{\"@type\":\"SearchAction\",\"target\":{\"@type\":\"EntryPoint\",\"urlTemplate\":\"https:\/\/amorabrava.celeumasandbox.pt\/?s={search_term_string}\"},\"query-input\":{\"@type\":\"PropertyValueSpecification\",\"valueRequired\":true,\"valueName\":\"search_term_string\"}}],\"inLanguage\":\"en-GB\"},{\"@type\":\"Organization\",\"@id\":\"https:\/\/amorabrava.celeumasandbox.pt\/#organization\",\"name\":\"Amora Brava\",\"url\":\"https:\/\/amorabrava.celeumasandbox.pt\/\",\"logo\":{\"@type\":\"ImageObject\",\"inLanguage\":\"en-GB\",\"@id\":\"https:\/\/amorabrava.celeumasandbox.pt\/#\/schema\/logo\/image\/\",\"url\":\"https:\/\/amorabrava.celeumasandbox.pt\/wp-content\/uploads\/2026\/02\/Logo.png\",\"contentUrl\":\"https:\/\/amorabrava.celeumasandbox.pt\/wp-content\/uploads\/2026\/02\/Logo.png\",\"width\":192,\"height\":192,\"caption\":\"Amora Brava\"},\"image\":{\"@id\":\"https:\/\/amorabrava.celeumasandbox.pt\/#\/schema\/logo\/image\/\"}}]}<\/script>\n<!-- \/ Yoast SEO plugin. -->","yoast_head_json":{"title":"\u00cdndio Rei D\u00e3o DOP - Amora Brava","robots":{"index":"noindex","follow":"follow","max-snippet":"max-snippet:-1","max-image-preview":"max-image-preview:large","max-video-preview":"max-video-preview:-1"},"og_locale":"en_GB","og_type":"article","og_title":"\u00cdndio Rei D\u00e3o DOP - Amora Brava","og_description":"Cl\u00e1ssico da gama \u00cdndio Rei, com perfil elegante e aromas t\u00edpicos do D\u00e3o.","og_url":"https:\/\/amorabrava.celeumasandbox.pt\/en\/product\/indio-rei-dao-dop-6\/","og_site_name":"Amora Brava","article_modified_time":"2026-02-26T14:53:40+00:00","og_image":[{"width":1707,"height":2560,"url":"https:\/\/amorabrava.celeumasandbox.pt\/wp-content\/uploads\/2026\/02\/25_0582-scaled.png","type":"image\/png"}],"twitter_card":"summary_large_image","twitter_misc":{"Estimated reading time":"1 minute"},"schema":{"@context":"https:\/\/schema.org","@graph":[{"@type":"WebPage","@id":"https:\/\/amorabrava.celeumasandbox.pt\/produto\/indio-rei-dao-dop-6\/","url":"https:\/\/amorabrava.celeumasandbox.pt\/produto\/indio-rei-dao-dop-6\/","name":"\u00cdndio Rei D\u00e3o DOP - Amora Brava","isPartOf":{"@id":"https:\/\/amorabrava.celeumasandbox.pt\/#website"},"primaryImageOfPage":{"@id":"https:\/\/amorabrava.celeumasandbox.pt\/produto\/indio-rei-dao-dop-6\/#primaryimage"},"image":{"@id":"https:\/\/amorabrava.celeumasandbox.pt\/produto\/indio-rei-dao-dop-6\/#primaryimage"},"thumbnailUrl":"https:\/\/amorabrava.celeumasandbox.pt\/wp-content\/uploads\/2026\/02\/25_0582-scaled.png","datePublished":"2026-02-26T10:08:00+00:00","dateModified":"2026-02-26T14:53:40+00:00","breadcrumb":{"@id":"https:\/\/amorabrava.celeumasandbox.pt\/produto\/indio-rei-dao-dop-6\/#breadcrumb"},"inLanguage":"en-GB","potentialAction":[{"@type":"ReadAction","target":["https:\/\/amorabrava.celeumasandbox.pt\/produto\/indio-rei-dao-dop-6\/"]}]},{"@type":"ImageObject","inLanguage":"en-GB","@id":"https:\/\/amorabrava.celeumasandbox.pt\/produto\/indio-rei-dao-dop-6\/#primaryimage","url":"https:\/\/amorabrava.celeumasandbox.pt\/wp-content\/uploads\/2026\/02\/25_0582-scaled.png","contentUrl":"https:\/\/amorabrava.celeumasandbox.pt\/wp-content\/uploads\/2026\/02\/25_0582-scaled.png","width":1707,"height":2560},{"@type":"BreadcrumbList","@id":"https:\/\/amorabrava.celeumasandbox.pt\/produto\/indio-rei-dao-dop-6\/#breadcrumb","itemListElement":[{"@type":"ListItem","position":1,"name":"In\u00edcio","item":"https:\/\/amorabrava.celeumasandbox.pt\/"},{"@type":"ListItem","position":2,"name":"Loja","item":"https:\/\/amorabrava.celeumasandbox.pt\/loja\/"},{"@type":"ListItem","position":3,"name":"\u00cdndio Rei D\u00e3o DOP"}]},{"@type":"WebSite","@id":"https:\/\/amorabrava.celeumasandbox.pt\/#website","url":"https:\/\/amorabrava.celeumasandbox.pt\/","name":"Amora Brava","description":"Portuguese Wines &amp; worldwide flavors","publisher":{"@id":"https:\/\/amorabrava.celeumasandbox.pt\/#organization"},"potentialAction":[{"@type":"SearchAction","target":{"@type":"EntryPoint","urlTemplate":"https:\/\/amorabrava.celeumasandbox.pt\/?s={search_term_string}"},"query-input":{"@type":"PropertyValueSpecification","valueRequired":true,"valueName":"search_term_string"}}],"inLanguage":"en-GB"},{"@type":"Organization","@id":"https:\/\/amorabrava.celeumasandbox.pt\/#organization","name":"Amora Brava","url":"https:\/\/amorabrava.celeumasandbox.pt\/","logo":{"@type":"ImageObject","inLanguage":"en-GB","@id":"https:\/\/amorabrava.celeumasandbox.pt\/#\/schema\/logo\/image\/","url":"https:\/\/amorabrava.celeumasandbox.pt\/wp-content\/uploads\/2026\/02\/Logo.png","contentUrl":"https:\/\/amorabrava.celeumasandbox.pt\/wp-content\/uploads\/2026\/02\/Logo.png","width":192,"height":192,"caption":"Amora Brava"},"image":{"@id":"https:\/\/amorabrava.celeumasandbox.pt\/#\/schema\/logo\/image\/"}}]}},"_links":{"self":[{"href":"https:\/\/amorabrava.celeumasandbox.pt\/en\/wp-json\/wp\/v2\/product\/8941","targetHints":{"allow":["GET"]}}],"collection":[{"href":"https:\/\/amorabrava.celeumasandbox.pt\/en\/wp-json\/wp\/v2\/product"}],"about":[{"href":"https:\/\/amorabrava.celeumasandbox.pt\/en\/wp-json\/wp\/v2\/types\/product"}],"replies":[{"embeddable":true,"href":"https:\/\/amorabrava.celeumasandbox.pt\/en\/wp-json\/wp\/v2\/comments?post=8941"}],"wp:featuredmedia":[{"embeddable":true,"href":"https:\/\/amorabrava.celeumasandbox.pt\/en\/wp-json\/wp\/v2\/media\/8942"}],"wp:attachment":[{"href":"https:\/\/amorabrava.celeumasandbox.pt\/en\/wp-json\/wp\/v2\/media?parent=8941"}],"wp:term":[{"taxonomy":"product_brand","embeddable":true,"href":"https:\/\/amorabrava.celeumasandbox.pt\/en\/wp-json\/wp\/v2\/product_brand?post=8941"},{"taxonomy":"product_cat","embeddable":true,"href":"https:\/\/amorabrava.celeumasandbox.pt\/en\/wp-json\/wp\/v2\/product_cat?post=8941"},{"taxonomy":"product_tag","embeddable":true,"href":"https:\/\/amorabrava.celeumasandbox.pt\/en\/wp-json\/wp\/v2\/product_tag?post=8941"}],"curies":[{"name":"wp","href":"https:\/\/api.w.org\/{rel}","templated":true}]}}