{"id":8886,"date":"2026-02-24T14:19:41","date_gmt":"2026-02-24T14:19:41","guid":{"rendered":"https:\/\/amorabrava.celeumasandbox.pt\/?page_id=8886"},"modified":"2026-02-24T15:15:37","modified_gmt":"2026-02-24T15:15:37","slug":"eventos","status":"publish","type":"page","link":"https:\/\/amorabrava.celeumasandbox.pt\/en\/eventos\/","title":{"rendered":"Eventos"},"content":{"rendered":"<p>Na Amora Brava, cada evento \u00e9 pensado para ser vivido com intensidade, eleg\u00e2ncia e autenticidade. Os nossos espa\u00e7os foram criados para receber momentos especiais \u2014 desde celebra\u00e7\u00f5es privadas a encontros corporativos, degusta\u00e7\u00f5es, apresenta\u00e7\u00f5es ou iniciativas culturais. Aqui, cada detalhe \u00e9 cuidado para que o seu evento se torne verdadeiramente memor\u00e1vel.<\/p>\n<p>Combinamos ambiente, est\u00e9tica e funcionalidade para oferecer experi\u00eancias \u00fanicas, adaptadas \u00e0s necessidades de cada cliente. Seja um evento intimista ou uma ocasi\u00e3o de maior dimens\u00e3o, a Amora Brava disponibiliza um cen\u00e1rio distinto, marcado pela liga\u00e7\u00e3o \u00e0 arte, ao vinho e \u00e0 identidade que nos define.<\/p>\n<p>Nesta p\u00e1gina reunimos algumas imagens que ilustram o ambiente dos nossos eventos e a atmosfera que poder\u00e1 encontrar nos nossos espa\u00e7os. Mesmo que esta galeria represente apenas uma parte do que fazemos, transmite o esp\u00edrito que colocamos em cada momento que acolhemos.<\/p>\n<p>Se procura um local especial para o seu pr\u00f3ximo evento, estamos dispon\u00edveis para o ajudar a transformar a sua ideia numa experi\u00eancia inesquec\u00edvel.<\/p>","protected":false},"excerpt":{"rendered":"<p>Na Amora Brava, cada evento \u00e9 pensado para ser vivido com intensidade, eleg\u00e2ncia e autenticidade. Os nossos espa\u00e7os foram criados para receber momentos especiais \u2014 desde celebra\u00e7\u00f5es privadas a encontros corporativos, degusta\u00e7\u00f5es, apresenta\u00e7\u00f5es ou iniciativas culturais. Aqui, cada detalhe \u00e9 cuidado para que o seu evento se torne verdadeiramente memor\u00e1vel. Combinamos ambiente, est\u00e9tica e funcionalidade [&hellip;]<\/p>","protected":false},"author":1,"featured_media":8901,"parent":0,"menu_order":0,"comment_status":"closed","ping_status":"closed","template":"page-eventos.php","meta":{"_acf_changed":false,"footnotes":""},"class_list":["post-8886","page","type-page","status-publish","has-post-thumbnail","hentry"],"acf":[],"yoast_head":"<!-- This site is optimized with the Yoast SEO plugin v26.8 - https:\/\/yoast.com\/product\/yoast-seo-wordpress\/ -->\n<title>Eventos - Amora Brava<\/title>\n<meta name=\"robots\" content=\"noindex, follow, max-snippet:-1, max-image-preview:large, max-video-preview:-1\" \/>\n<meta property=\"og:locale\" content=\"en_GB\" \/>\n<meta property=\"og:type\" content=\"article\" \/>\n<meta property=\"og:title\" content=\"Eventos - Amora Brava\" \/>\n<meta property=\"og:description\" content=\"Na Amora Brava, cada evento \u00e9 pensado para ser vivido com intensidade, eleg\u00e2ncia e autenticidade. Os nossos espa\u00e7os foram criados para receber momentos especiais \u2014 desde celebra\u00e7\u00f5es privadas a encontros corporativos, degusta\u00e7\u00f5es, apresenta\u00e7\u00f5es ou iniciativas culturais. Aqui, cada detalhe \u00e9 cuidado para que o seu evento se torne verdadeiramente memor\u00e1vel. Combinamos ambiente, est\u00e9tica e funcionalidade [&hellip;]\" \/>\n<meta property=\"og:url\" content=\"https:\/\/amorabrava.celeumasandbox.pt\/en\/eventos\/\" \/>\n<meta property=\"og:site_name\" content=\"Amora Brava\" \/>\n<meta property=\"article:modified_time\" content=\"2026-02-24T15:15:37+00:00\" \/>\n<meta property=\"og:image\" content=\"https:\/\/amorabrava.celeumasandbox.pt\/wp-content\/uploads\/2026\/02\/Eventos.jpg\" \/>\n\t<meta property=\"og:image:width\" content=\"1920\" \/>\n\t<meta property=\"og:image:height\" content=\"1278\" \/>\n\t<meta property=\"og:image:type\" content=\"image\/jpeg\" \/>\n<meta name=\"twitter:card\" content=\"summary_large_image\" \/>\n<meta name=\"twitter:label1\" content=\"Estimated reading time\" \/>\n\t<meta name=\"twitter:data1\" content=\"2 minutes\" \/>\n<script type=\"application\/ld+json\" class=\"yoast-schema-graph\">{\"@context\":\"https:\/\/schema.org\",\"@graph\":[{\"@type\":\"WebPage\",\"@id\":\"https:\/\/amorabrava.celeumasandbox.pt\/eventos\/\",\"url\":\"https:\/\/amorabrava.celeumasandbox.pt\/eventos\/\",\"name\":\"Eventos - Amora Brava\",\"isPartOf\":{\"@id\":\"https:\/\/amorabrava.celeumasandbox.pt\/#website\"},\"primaryImageOfPage\":{\"@id\":\"https:\/\/amorabrava.celeumasandbox.pt\/eventos\/#primaryimage\"},\"image\":{\"@id\":\"https:\/\/amorabrava.celeumasandbox.pt\/eventos\/#primaryimage\"},\"thumbnailUrl\":\"https:\/\/amorabrava.celeumasandbox.pt\/wp-content\/uploads\/2026\/02\/Eventos.jpg\",\"datePublished\":\"2026-02-24T14:19:41+00:00\",\"dateModified\":\"2026-02-24T15:15:37+00:00\",\"breadcrumb\":{\"@id\":\"https:\/\/amorabrava.celeumasandbox.pt\/eventos\/#breadcrumb\"},\"inLanguage\":\"en-GB\",\"potentialAction\":[{\"@type\":\"ReadAction\",\"target\":[\"https:\/\/amorabrava.celeumasandbox.pt\/eventos\/\"]}]},{\"@type\":\"ImageObject\",\"inLanguage\":\"en-GB\",\"@id\":\"https:\/\/amorabrava.celeumasandbox.pt\/eventos\/#primaryimage\",\"url\":\"https:\/\/amorabrava.celeumasandbox.pt\/wp-content\/uploads\/2026\/02\/Eventos.jpg\",\"contentUrl\":\"https:\/\/amorabrava.celeumasandbox.pt\/wp-content\/uploads\/2026\/02\/Eventos.jpg\",\"width\":1920,\"height\":1278},{\"@type\":\"BreadcrumbList\",\"@id\":\"https:\/\/amorabrava.celeumasandbox.pt\/eventos\/#breadcrumb\",\"itemListElement\":[{\"@type\":\"ListItem\",\"position\":1,\"name\":\"In\u00edcio\",\"item\":\"https:\/\/amorabrava.celeumasandbox.pt\/\"},{\"@type\":\"ListItem\",\"position\":2,\"name\":\"Eventos\"}]},{\"@type\":\"WebSite\",\"@id\":\"https:\/\/amorabrava.celeumasandbox.pt\/#website\",\"url\":\"https:\/\/amorabrava.celeumasandbox.pt\/\",\"name\":\"Amora Brava\",\"description\":\"Portuguese Wines &amp; worldwide flavors\",\"publisher\":{\"@id\":\"https:\/\/amorabrava.celeumasandbox.pt\/#organization\"},\"potentialAction\":[{\"@type\":\"SearchAction\",\"target\":{\"@type\":\"EntryPoint\",\"urlTemplate\":\"https:\/\/amorabrava.celeumasandbox.pt\/?s={search_term_string}\"},\"query-input\":{\"@type\":\"PropertyValueSpecification\",\"valueRequired\":true,\"valueName\":\"search_term_string\"}}],\"inLanguage\":\"en-GB\"},{\"@type\":\"Organization\",\"@id\":\"https:\/\/amorabrava.celeumasandbox.pt\/#organization\",\"name\":\"Amora Brava\",\"url\":\"https:\/\/amorabrava.celeumasandbox.pt\/\",\"logo\":{\"@type\":\"ImageObject\",\"inLanguage\":\"en-GB\",\"@id\":\"https:\/\/amorabrava.celeumasandbox.pt\/#\/schema\/logo\/image\/\",\"url\":\"https:\/\/amorabrava.celeumasandbox.pt\/wp-content\/uploads\/2026\/02\/Logo.png\",\"contentUrl\":\"https:\/\/amorabrava.celeumasandbox.pt\/wp-content\/uploads\/2026\/02\/Logo.png\",\"width\":192,\"height\":192,\"caption\":\"Amora Brava\"},\"image\":{\"@id\":\"https:\/\/amorabrava.celeumasandbox.pt\/#\/schema\/logo\/image\/\"}}]}<\/script>\n<!-- \/ Yoast SEO plugin. -->","yoast_head_json":{"title":"Eventos - Amora Brava","robots":{"index":"noindex","follow":"follow","max-snippet":"max-snippet:-1","max-image-preview":"max-image-preview:large","max-video-preview":"max-video-preview:-1"},"og_locale":"en_GB","og_type":"article","og_title":"Eventos - Amora Brava","og_description":"Na Amora Brava, cada evento \u00e9 pensado para ser vivido com intensidade, eleg\u00e2ncia e autenticidade. Os nossos espa\u00e7os foram criados para receber momentos especiais \u2014 desde celebra\u00e7\u00f5es privadas a encontros corporativos, degusta\u00e7\u00f5es, apresenta\u00e7\u00f5es ou iniciativas culturais. Aqui, cada detalhe \u00e9 cuidado para que o seu evento se torne verdadeiramente memor\u00e1vel. Combinamos ambiente, est\u00e9tica e funcionalidade [&hellip;]","og_url":"https:\/\/amorabrava.celeumasandbox.pt\/en\/eventos\/","og_site_name":"Amora Brava","article_modified_time":"2026-02-24T15:15:37+00:00","og_image":[{"width":1920,"height":1278,"url":"https:\/\/amorabrava.celeumasandbox.pt\/wp-content\/uploads\/2026\/02\/Eventos.jpg","type":"image\/jpeg"}],"twitter_card":"summary_large_image","twitter_misc":{"Estimated reading time":"2 minutes"},"schema":{"@context":"https:\/\/schema.org","@graph":[{"@type":"WebPage","@id":"https:\/\/amorabrava.celeumasandbox.pt\/eventos\/","url":"https:\/\/amorabrava.celeumasandbox.pt\/eventos\/","name":"Eventos - Amora Brava","isPartOf":{"@id":"https:\/\/amorabrava.celeumasandbox.pt\/#website"},"primaryImageOfPage":{"@id":"https:\/\/amorabrava.celeumasandbox.pt\/eventos\/#primaryimage"},"image":{"@id":"https:\/\/amorabrava.celeumasandbox.pt\/eventos\/#primaryimage"},"thumbnailUrl":"https:\/\/amorabrava.celeumasandbox.pt\/wp-content\/uploads\/2026\/02\/Eventos.jpg","datePublished":"2026-02-24T14:19:41+00:00","dateModified":"2026-02-24T15:15:37+00:00","breadcrumb":{"@id":"https:\/\/amorabrava.celeumasandbox.pt\/eventos\/#breadcrumb"},"inLanguage":"en-GB","potentialAction":[{"@type":"ReadAction","target":["https:\/\/amorabrava.celeumasandbox.pt\/eventos\/"]}]},{"@type":"ImageObject","inLanguage":"en-GB","@id":"https:\/\/amorabrava.celeumasandbox.pt\/eventos\/#primaryimage","url":"https:\/\/amorabrava.celeumasandbox.pt\/wp-content\/uploads\/2026\/02\/Eventos.jpg","contentUrl":"https:\/\/amorabrava.celeumasandbox.pt\/wp-content\/uploads\/2026\/02\/Eventos.jpg","width":1920,"height":1278},{"@type":"BreadcrumbList","@id":"https:\/\/amorabrava.celeumasandbox.pt\/eventos\/#breadcrumb","itemListElement":[{"@type":"ListItem","position":1,"name":"In\u00edcio","item":"https:\/\/amorabrava.celeumasandbox.pt\/"},{"@type":"ListItem","position":2,"name":"Eventos"}]},{"@type":"WebSite","@id":"https:\/\/amorabrava.celeumasandbox.pt\/#website","url":"https:\/\/amorabrava.celeumasandbox.pt\/","name":"Amora Brava","description":"Portuguese Wines &amp; worldwide flavors","publisher":{"@id":"https:\/\/amorabrava.celeumasandbox.pt\/#organization"},"potentialAction":[{"@type":"SearchAction","target":{"@type":"EntryPoint","urlTemplate":"https:\/\/amorabrava.celeumasandbox.pt\/?s={search_term_string}"},"query-input":{"@type":"PropertyValueSpecification","valueRequired":true,"valueName":"search_term_string"}}],"inLanguage":"en-GB"},{"@type":"Organization","@id":"https:\/\/amorabrava.celeumasandbox.pt\/#organization","name":"Amora Brava","url":"https:\/\/amorabrava.celeumasandbox.pt\/","logo":{"@type":"ImageObject","inLanguage":"en-GB","@id":"https:\/\/amorabrava.celeumasandbox.pt\/#\/schema\/logo\/image\/","url":"https:\/\/amorabrava.celeumasandbox.pt\/wp-content\/uploads\/2026\/02\/Logo.png","contentUrl":"https:\/\/amorabrava.celeumasandbox.pt\/wp-content\/uploads\/2026\/02\/Logo.png","width":192,"height":192,"caption":"Amora Brava"},"image":{"@id":"https:\/\/amorabrava.celeumasandbox.pt\/#\/schema\/logo\/image\/"}}]}},"_links":{"self":[{"href":"https:\/\/amorabrava.celeumasandbox.pt\/en\/wp-json\/wp\/v2\/pages\/8886","targetHints":{"allow":["GET"]}}],"collection":[{"href":"https:\/\/amorabrava.celeumasandbox.pt\/en\/wp-json\/wp\/v2\/pages"}],"about":[{"href":"https:\/\/amorabrava.celeumasandbox.pt\/en\/wp-json\/wp\/v2\/types\/page"}],"author":[{"embeddable":true,"href":"https:\/\/amorabrava.celeumasandbox.pt\/en\/wp-json\/wp\/v2\/users\/1"}],"replies":[{"embeddable":true,"href":"https:\/\/amorabrava.celeumasandbox.pt\/en\/wp-json\/wp\/v2\/comments?post=8886"}],"version-history":[{"count":2,"href":"https:\/\/amorabrava.celeumasandbox.pt\/en\/wp-json\/wp\/v2\/pages\/8886\/revisions"}],"predecessor-version":[{"id":8900,"href":"https:\/\/amorabrava.celeumasandbox.pt\/en\/wp-json\/wp\/v2\/pages\/8886\/revisions\/8900"}],"wp:featuredmedia":[{"embeddable":true,"href":"https:\/\/amorabrava.celeumasandbox.pt\/en\/wp-json\/wp\/v2\/media\/8901"}],"wp:attachment":[{"href":"https:\/\/amorabrava.celeumasandbox.pt\/en\/wp-json\/wp\/v2\/media?parent=8886"}],"curies":[{"name":"wp","href":"https:\/\/api.w.org\/{rel}","templated":true}]}}