{"id":8860,"date":"2026-02-23T10:25:13","date_gmt":"2026-02-23T10:25:13","guid":{"rendered":"https:\/\/amorabrava.celeumasandbox.pt\/?page_id=8860"},"modified":"2026-02-24T12:35:39","modified_gmt":"2026-02-24T12:35:39","slug":"enoturismo","status":"publish","type":"page","link":"https:\/\/amorabrava.celeumasandbox.pt\/en\/enoturismo\/","title":{"rendered":"Enoturismo"},"content":{"rendered":"<div class=\"text\"><span class=\"desc\">\u00c9 com muita imagina\u00e7\u00e3o que criamos mem\u00f3rias para todas as idades. Consulte as nossas experi\u00eancias em constante evolu\u00e7\u00e3o e voltar\u00e1 sempre!<\/span><\/div>","protected":false},"excerpt":{"rendered":"<p>\u00c9 com muita imagina\u00e7\u00e3o que criamos mem\u00f3rias para todas as idades. Consulte as nossas experi\u00eancias em constante evolu\u00e7\u00e3o e voltar\u00e1 sempre!<\/p>","protected":false},"author":1,"featured_media":8883,"parent":0,"menu_order":0,"comment_status":"closed","ping_status":"closed","template":"page-artigos.php","meta":{"_acf_changed":false,"footnotes":""},"class_list":["post-8860","page","type-page","status-publish","has-post-thumbnail","hentry"],"acf":[],"yoast_head":"<!-- This site is optimized with the Yoast SEO plugin v26.8 - https:\/\/yoast.com\/product\/yoast-seo-wordpress\/ -->\n<title>Enoturismo - Amora Brava<\/title>\n<meta name=\"robots\" content=\"noindex, follow, max-snippet:-1, max-image-preview:large, max-video-preview:-1\" \/>\n<meta property=\"og:locale\" content=\"en_GB\" \/>\n<meta property=\"og:type\" content=\"article\" \/>\n<meta property=\"og:title\" content=\"Enoturismo - Amora Brava\" \/>\n<meta property=\"og:description\" content=\"\u00c9 com muita imagina\u00e7\u00e3o que criamos mem\u00f3rias para todas as idades. Consulte as nossas experi\u00eancias em constante evolu\u00e7\u00e3o e voltar\u00e1 sempre!\" \/>\n<meta property=\"og:url\" content=\"https:\/\/amorabrava.celeumasandbox.pt\/en\/enoturismo\/\" \/>\n<meta property=\"og:site_name\" content=\"Amora Brava\" \/>\n<meta property=\"article:modified_time\" content=\"2026-02-24T12:35:39+00:00\" \/>\n<meta property=\"og:image\" content=\"https:\/\/amorabrava.celeumasandbox.pt\/wp-content\/uploads\/2026\/02\/enoturismo-1.jpg\" \/>\n\t<meta property=\"og:image:width\" content=\"1920\" \/>\n\t<meta property=\"og:image:height\" content=\"1280\" \/>\n\t<meta property=\"og:image:type\" content=\"image\/jpeg\" \/>\n<meta name=\"twitter:card\" content=\"summary_large_image\" \/>\n<meta name=\"twitter:label1\" content=\"Estimated reading time\" \/>\n\t<meta name=\"twitter:data1\" content=\"1 minute\" \/>\n<script type=\"application\/ld+json\" class=\"yoast-schema-graph\">{\"@context\":\"https:\/\/schema.org\",\"@graph\":[{\"@type\":\"WebPage\",\"@id\":\"https:\/\/amorabrava.celeumasandbox.pt\/enoturismo\/\",\"url\":\"https:\/\/amorabrava.celeumasandbox.pt\/enoturismo\/\",\"name\":\"Enoturismo - Amora Brava\",\"isPartOf\":{\"@id\":\"https:\/\/amorabrava.celeumasandbox.pt\/#website\"},\"primaryImageOfPage\":{\"@id\":\"https:\/\/amorabrava.celeumasandbox.pt\/enoturismo\/#primaryimage\"},\"image\":{\"@id\":\"https:\/\/amorabrava.celeumasandbox.pt\/enoturismo\/#primaryimage\"},\"thumbnailUrl\":\"https:\/\/amorabrava.celeumasandbox.pt\/wp-content\/uploads\/2026\/02\/enoturismo-1.jpg\",\"datePublished\":\"2026-02-23T10:25:13+00:00\",\"dateModified\":\"2026-02-24T12:35:39+00:00\",\"breadcrumb\":{\"@id\":\"https:\/\/amorabrava.celeumasandbox.pt\/enoturismo\/#breadcrumb\"},\"inLanguage\":\"en-GB\",\"potentialAction\":[{\"@type\":\"ReadAction\",\"target\":[\"https:\/\/amorabrava.celeumasandbox.pt\/enoturismo\/\"]}]},{\"@type\":\"ImageObject\",\"inLanguage\":\"en-GB\",\"@id\":\"https:\/\/amorabrava.celeumasandbox.pt\/enoturismo\/#primaryimage\",\"url\":\"https:\/\/amorabrava.celeumasandbox.pt\/wp-content\/uploads\/2026\/02\/enoturismo-1.jpg\",\"contentUrl\":\"https:\/\/amorabrava.celeumasandbox.pt\/wp-content\/uploads\/2026\/02\/enoturismo-1.jpg\",\"width\":1920,\"height\":1280},{\"@type\":\"BreadcrumbList\",\"@id\":\"https:\/\/amorabrava.celeumasandbox.pt\/enoturismo\/#breadcrumb\",\"itemListElement\":[{\"@type\":\"ListItem\",\"position\":1,\"name\":\"In\u00edcio\",\"item\":\"https:\/\/amorabrava.celeumasandbox.pt\/\"},{\"@type\":\"ListItem\",\"position\":2,\"name\":\"Enoturismo\"}]},{\"@type\":\"WebSite\",\"@id\":\"https:\/\/amorabrava.celeumasandbox.pt\/#website\",\"url\":\"https:\/\/amorabrava.celeumasandbox.pt\/\",\"name\":\"Amora Brava\",\"description\":\"Portuguese Wines &amp; worldwide flavors\",\"publisher\":{\"@id\":\"https:\/\/amorabrava.celeumasandbox.pt\/#organization\"},\"potentialAction\":[{\"@type\":\"SearchAction\",\"target\":{\"@type\":\"EntryPoint\",\"urlTemplate\":\"https:\/\/amorabrava.celeumasandbox.pt\/?s={search_term_string}\"},\"query-input\":{\"@type\":\"PropertyValueSpecification\",\"valueRequired\":true,\"valueName\":\"search_term_string\"}}],\"inLanguage\":\"en-GB\"},{\"@type\":\"Organization\",\"@id\":\"https:\/\/amorabrava.celeumasandbox.pt\/#organization\",\"name\":\"Amora Brava\",\"url\":\"https:\/\/amorabrava.celeumasandbox.pt\/\",\"logo\":{\"@type\":\"ImageObject\",\"inLanguage\":\"en-GB\",\"@id\":\"https:\/\/amorabrava.celeumasandbox.pt\/#\/schema\/logo\/image\/\",\"url\":\"https:\/\/amorabrava.celeumasandbox.pt\/wp-content\/uploads\/2026\/02\/Logo.png\",\"contentUrl\":\"https:\/\/amorabrava.celeumasandbox.pt\/wp-content\/uploads\/2026\/02\/Logo.png\",\"width\":192,\"height\":192,\"caption\":\"Amora Brava\"},\"image\":{\"@id\":\"https:\/\/amorabrava.celeumasandbox.pt\/#\/schema\/logo\/image\/\"}}]}<\/script>\n<!-- \/ Yoast SEO plugin. -->","yoast_head_json":{"title":"Enoturismo - Amora Brava","robots":{"index":"noindex","follow":"follow","max-snippet":"max-snippet:-1","max-image-preview":"max-image-preview:large","max-video-preview":"max-video-preview:-1"},"og_locale":"en_GB","og_type":"article","og_title":"Enoturismo - Amora Brava","og_description":"\u00c9 com muita imagina\u00e7\u00e3o que criamos mem\u00f3rias para todas as idades. Consulte as nossas experi\u00eancias em constante evolu\u00e7\u00e3o e voltar\u00e1 sempre!","og_url":"https:\/\/amorabrava.celeumasandbox.pt\/en\/enoturismo\/","og_site_name":"Amora Brava","article_modified_time":"2026-02-24T12:35:39+00:00","og_image":[{"width":1920,"height":1280,"url":"https:\/\/amorabrava.celeumasandbox.pt\/wp-content\/uploads\/2026\/02\/enoturismo-1.jpg","type":"image\/jpeg"}],"twitter_card":"summary_large_image","twitter_misc":{"Estimated reading time":"1 minute"},"schema":{"@context":"https:\/\/schema.org","@graph":[{"@type":"WebPage","@id":"https:\/\/amorabrava.celeumasandbox.pt\/enoturismo\/","url":"https:\/\/amorabrava.celeumasandbox.pt\/enoturismo\/","name":"Enoturismo - Amora Brava","isPartOf":{"@id":"https:\/\/amorabrava.celeumasandbox.pt\/#website"},"primaryImageOfPage":{"@id":"https:\/\/amorabrava.celeumasandbox.pt\/enoturismo\/#primaryimage"},"image":{"@id":"https:\/\/amorabrava.celeumasandbox.pt\/enoturismo\/#primaryimage"},"thumbnailUrl":"https:\/\/amorabrava.celeumasandbox.pt\/wp-content\/uploads\/2026\/02\/enoturismo-1.jpg","datePublished":"2026-02-23T10:25:13+00:00","dateModified":"2026-02-24T12:35:39+00:00","breadcrumb":{"@id":"https:\/\/amorabrava.celeumasandbox.pt\/enoturismo\/#breadcrumb"},"inLanguage":"en-GB","potentialAction":[{"@type":"ReadAction","target":["https:\/\/amorabrava.celeumasandbox.pt\/enoturismo\/"]}]},{"@type":"ImageObject","inLanguage":"en-GB","@id":"https:\/\/amorabrava.celeumasandbox.pt\/enoturismo\/#primaryimage","url":"https:\/\/amorabrava.celeumasandbox.pt\/wp-content\/uploads\/2026\/02\/enoturismo-1.jpg","contentUrl":"https:\/\/amorabrava.celeumasandbox.pt\/wp-content\/uploads\/2026\/02\/enoturismo-1.jpg","width":1920,"height":1280},{"@type":"BreadcrumbList","@id":"https:\/\/amorabrava.celeumasandbox.pt\/enoturismo\/#breadcrumb","itemListElement":[{"@type":"ListItem","position":1,"name":"In\u00edcio","item":"https:\/\/amorabrava.celeumasandbox.pt\/"},{"@type":"ListItem","position":2,"name":"Enoturismo"}]},{"@type":"WebSite","@id":"https:\/\/amorabrava.celeumasandbox.pt\/#website","url":"https:\/\/amorabrava.celeumasandbox.pt\/","name":"Amora Brava","description":"Portuguese Wines &amp; worldwide flavors","publisher":{"@id":"https:\/\/amorabrava.celeumasandbox.pt\/#organization"},"potentialAction":[{"@type":"SearchAction","target":{"@type":"EntryPoint","urlTemplate":"https:\/\/amorabrava.celeumasandbox.pt\/?s={search_term_string}"},"query-input":{"@type":"PropertyValueSpecification","valueRequired":true,"valueName":"search_term_string"}}],"inLanguage":"en-GB"},{"@type":"Organization","@id":"https:\/\/amorabrava.celeumasandbox.pt\/#organization","name":"Amora Brava","url":"https:\/\/amorabrava.celeumasandbox.pt\/","logo":{"@type":"ImageObject","inLanguage":"en-GB","@id":"https:\/\/amorabrava.celeumasandbox.pt\/#\/schema\/logo\/image\/","url":"https:\/\/amorabrava.celeumasandbox.pt\/wp-content\/uploads\/2026\/02\/Logo.png","contentUrl":"https:\/\/amorabrava.celeumasandbox.pt\/wp-content\/uploads\/2026\/02\/Logo.png","width":192,"height":192,"caption":"Amora Brava"},"image":{"@id":"https:\/\/amorabrava.celeumasandbox.pt\/#\/schema\/logo\/image\/"}}]}},"_links":{"self":[{"href":"https:\/\/amorabrava.celeumasandbox.pt\/en\/wp-json\/wp\/v2\/pages\/8860","targetHints":{"allow":["GET"]}}],"collection":[{"href":"https:\/\/amorabrava.celeumasandbox.pt\/en\/wp-json\/wp\/v2\/pages"}],"about":[{"href":"https:\/\/amorabrava.celeumasandbox.pt\/en\/wp-json\/wp\/v2\/types\/page"}],"author":[{"embeddable":true,"href":"https:\/\/amorabrava.celeumasandbox.pt\/en\/wp-json\/wp\/v2\/users\/1"}],"replies":[{"embeddable":true,"href":"https:\/\/amorabrava.celeumasandbox.pt\/en\/wp-json\/wp\/v2\/comments?post=8860"}],"version-history":[{"count":2,"href":"https:\/\/amorabrava.celeumasandbox.pt\/en\/wp-json\/wp\/v2\/pages\/8860\/revisions"}],"predecessor-version":[{"id":8867,"href":"https:\/\/amorabrava.celeumasandbox.pt\/en\/wp-json\/wp\/v2\/pages\/8860\/revisions\/8867"}],"wp:featuredmedia":[{"embeddable":true,"href":"https:\/\/amorabrava.celeumasandbox.pt\/en\/wp-json\/wp\/v2\/media\/8883"}],"wp:attachment":[{"href":"https:\/\/amorabrava.celeumasandbox.pt\/en\/wp-json\/wp\/v2\/media?parent=8860"}],"curies":[{"name":"wp","href":"https:\/\/api.w.org\/{rel}","templated":true}]}}