{"id":8620,"date":"2025-08-25T16:16:37","date_gmt":"2025-08-25T16:16:37","guid":{"rendered":"https:\/\/amorabrava.celeumasandbox.pt\/?page_id=8620"},"modified":"2026-03-30T13:29:27","modified_gmt":"2026-03-30T13:29:27","slug":"declaracao-de-acessibilidade","status":"publish","type":"page","link":"https:\/\/amorabrava.celeumasandbox.pt\/en\/declaracao-de-acessibilidade\/","title":{"rendered":"Accessibility Statement"},"content":{"rendered":"<p><strong>Last updated:<\/strong> March 26, 2026<\/p>\n<p>The website is committed to ensuring digital accessibility for all users, including people with disabilities, in accordance with <strong>Decree-Law No. 83\/2018<\/strong>, of October 19, and with the <strong>Decree-Law No. 82\/2022<\/strong>, of December 6, which transpose into national law the <strong>Directive (EU) 2016\/2102<\/strong> and the <strong>Regulation (EU) 2019\/882<\/strong>.<\/p>\n<h2><strong>State of Compliance<\/strong><\/h2>\n<p>This website is located <strong>accordingly<\/strong> with the accessibility requirements set out in WCAG 2.1 \u2013 Level AA.<\/p>\n<p><strong>Content Inaccessible<\/strong><\/p>\n<p><strong>a) Non-compliance with accessibility requirements<\/strong><\/p>\n<p>Currently, there is no identified content that does not meet the accessibility requirements defined in WCAG 2.1 \u2013 Level AA.<\/p>\n<p><strong>b) Content excluded from the scope of the legislation<\/strong><\/p>\n<ul>\n<li>Some older PDF documents may not be fully accessible, as they were produced before 2018.<\/li>\n<li>These files are identified and will be gradually replaced with accessible versions.<\/li>\n<\/ul>\n<h2><strong>Continuous Improvement Plan<\/strong><\/h2>\n<p>The website is subject to periodic monitoring and review, with the aim of ensuring continued compliance with WCAG 2.1 \u2013 Level AA and continuous improvement of the user experience.<br \/>\nAll new features and content are developed according to the \"accessibility by design\" principle, ensuring accessibility integration from the very beginning.<\/p>\n<h2><strong>Contacts and Feedback<\/strong><\/h2>\n<p>If you detect any accessibility barriers or wish to report a problem, you can contact us using the contact information provided on this website.<\/p>\n<p>We undertake to respond within a maximum period of <strong>30 business days<\/strong>.<\/p>","protected":false},"excerpt":{"rendered":"<p>Data da \u00faltima atualiza\u00e7\u00e3o: 26 de mar\u00e7o de 2026 O website compromete-se a garantir a acessibilidade digital a todos os utilizadores, incluindo pessoas com defici\u00eancia, em conformidade com o Decreto-Lei n.\u00ba 83\/2018, de 19 de outubro, e com o Decreto-Lei n.\u00ba 82\/2022, de 6 de dezembro, que transp\u00f5em para a ordem jur\u00eddica nacional a Diretiva [&hellip;]<\/p>","protected":false},"author":1,"featured_media":0,"parent":0,"menu_order":0,"comment_status":"closed","ping_status":"closed","template":"","meta":{"_acf_changed":false,"footnotes":""},"class_list":["post-8620","page","type-page","status-publish","hentry"],"acf":[],"yoast_head":"<!-- This site is optimized with the Yoast SEO plugin v26.8 - https:\/\/yoast.com\/product\/yoast-seo-wordpress\/ -->\n<title>Declara\u00e7\u00e3o de Acessibilidade - Amora Brava<\/title>\n<meta name=\"robots\" content=\"noindex, follow, max-snippet:-1, max-image-preview:large, max-video-preview:-1\" \/>\n<meta property=\"og:locale\" content=\"en_GB\" \/>\n<meta property=\"og:type\" content=\"article\" \/>\n<meta property=\"og:title\" content=\"Declara\u00e7\u00e3o de Acessibilidade - Amora Brava\" \/>\n<meta property=\"og:description\" content=\"Data da \u00faltima atualiza\u00e7\u00e3o: 26 de mar\u00e7o de 2026 O website compromete-se a garantir a acessibilidade digital a todos os utilizadores, incluindo pessoas com defici\u00eancia, em conformidade com o Decreto-Lei n.\u00ba 83\/2018, de 19 de outubro, e com o Decreto-Lei n.\u00ba 82\/2022, de 6 de dezembro, que transp\u00f5em para a ordem jur\u00eddica nacional a Diretiva [&hellip;]\" \/>\n<meta property=\"og:url\" content=\"https:\/\/amorabrava.celeumasandbox.pt\/en\/declaracao-de-acessibilidade\/\" \/>\n<meta property=\"og:site_name\" content=\"Amora Brava\" \/>\n<meta property=\"article:modified_time\" content=\"2026-03-30T13:29:27+00:00\" \/>\n<meta name=\"twitter:card\" content=\"summary_large_image\" \/>\n<meta name=\"twitter:label1\" content=\"Estimated reading time\" \/>\n\t<meta name=\"twitter:data1\" content=\"2 minutes\" \/>\n<script type=\"application\/ld+json\" class=\"yoast-schema-graph\">{\"@context\":\"https:\/\/schema.org\",\"@graph\":[{\"@type\":\"WebPage\",\"@id\":\"https:\/\/amorabrava.celeumasandbox.pt\/declaracao-de-acessibilidade\/\",\"url\":\"https:\/\/amorabrava.celeumasandbox.pt\/declaracao-de-acessibilidade\/\",\"name\":\"Declara\u00e7\u00e3o de Acessibilidade - Amora Brava\",\"isPartOf\":{\"@id\":\"https:\/\/amorabrava.celeumasandbox.pt\/#website\"},\"datePublished\":\"2025-08-25T16:16:37+00:00\",\"dateModified\":\"2026-03-30T13:29:27+00:00\",\"breadcrumb\":{\"@id\":\"https:\/\/amorabrava.celeumasandbox.pt\/declaracao-de-acessibilidade\/#breadcrumb\"},\"inLanguage\":\"en-GB\",\"potentialAction\":[{\"@type\":\"ReadAction\",\"target\":[\"https:\/\/amorabrava.celeumasandbox.pt\/declaracao-de-acessibilidade\/\"]}]},{\"@type\":\"BreadcrumbList\",\"@id\":\"https:\/\/amorabrava.celeumasandbox.pt\/declaracao-de-acessibilidade\/#breadcrumb\",\"itemListElement\":[{\"@type\":\"ListItem\",\"position\":1,\"name\":\"In\u00edcio\",\"item\":\"https:\/\/amorabrava.celeumasandbox.pt\/\"},{\"@type\":\"ListItem\",\"position\":2,\"name\":\"Declara\u00e7\u00e3o de Acessibilidade\"}]},{\"@type\":\"WebSite\",\"@id\":\"https:\/\/amorabrava.celeumasandbox.pt\/#website\",\"url\":\"https:\/\/amorabrava.celeumasandbox.pt\/\",\"name\":\"Amora Brava\",\"description\":\"Portuguese Wines &amp; worldwide flavors\",\"publisher\":{\"@id\":\"https:\/\/amorabrava.celeumasandbox.pt\/#organization\"},\"potentialAction\":[{\"@type\":\"SearchAction\",\"target\":{\"@type\":\"EntryPoint\",\"urlTemplate\":\"https:\/\/amorabrava.celeumasandbox.pt\/?s={search_term_string}\"},\"query-input\":{\"@type\":\"PropertyValueSpecification\",\"valueRequired\":true,\"valueName\":\"search_term_string\"}}],\"inLanguage\":\"en-GB\"},{\"@type\":\"Organization\",\"@id\":\"https:\/\/amorabrava.celeumasandbox.pt\/#organization\",\"name\":\"Amora Brava\",\"url\":\"https:\/\/amorabrava.celeumasandbox.pt\/\",\"logo\":{\"@type\":\"ImageObject\",\"inLanguage\":\"en-GB\",\"@id\":\"https:\/\/amorabrava.celeumasandbox.pt\/#\/schema\/logo\/image\/\",\"url\":\"https:\/\/amorabrava.celeumasandbox.pt\/wp-content\/uploads\/2026\/02\/Logo.png\",\"contentUrl\":\"https:\/\/amorabrava.celeumasandbox.pt\/wp-content\/uploads\/2026\/02\/Logo.png\",\"width\":192,\"height\":192,\"caption\":\"Amora Brava\"},\"image\":{\"@id\":\"https:\/\/amorabrava.celeumasandbox.pt\/#\/schema\/logo\/image\/\"}}]}<\/script>\n<!-- \/ Yoast SEO plugin. -->","yoast_head_json":{"title":"Declara\u00e7\u00e3o de Acessibilidade - Amora Brava","robots":{"index":"noindex","follow":"follow","max-snippet":"max-snippet:-1","max-image-preview":"max-image-preview:large","max-video-preview":"max-video-preview:-1"},"og_locale":"en_GB","og_type":"article","og_title":"Declara\u00e7\u00e3o de Acessibilidade - Amora Brava","og_description":"Data da \u00faltima atualiza\u00e7\u00e3o: 26 de mar\u00e7o de 2026 O website compromete-se a garantir a acessibilidade digital a todos os utilizadores, incluindo pessoas com defici\u00eancia, em conformidade com o Decreto-Lei n.\u00ba 83\/2018, de 19 de outubro, e com o Decreto-Lei n.\u00ba 82\/2022, de 6 de dezembro, que transp\u00f5em para a ordem jur\u00eddica nacional a Diretiva [&hellip;]","og_url":"https:\/\/amorabrava.celeumasandbox.pt\/en\/declaracao-de-acessibilidade\/","og_site_name":"Amora Brava","article_modified_time":"2026-03-30T13:29:27+00:00","twitter_card":"summary_large_image","twitter_misc":{"Estimated reading time":"2 minutes"},"schema":{"@context":"https:\/\/schema.org","@graph":[{"@type":"WebPage","@id":"https:\/\/amorabrava.celeumasandbox.pt\/declaracao-de-acessibilidade\/","url":"https:\/\/amorabrava.celeumasandbox.pt\/declaracao-de-acessibilidade\/","name":"Declara\u00e7\u00e3o de Acessibilidade - Amora Brava","isPartOf":{"@id":"https:\/\/amorabrava.celeumasandbox.pt\/#website"},"datePublished":"2025-08-25T16:16:37+00:00","dateModified":"2026-03-30T13:29:27+00:00","breadcrumb":{"@id":"https:\/\/amorabrava.celeumasandbox.pt\/declaracao-de-acessibilidade\/#breadcrumb"},"inLanguage":"en-GB","potentialAction":[{"@type":"ReadAction","target":["https:\/\/amorabrava.celeumasandbox.pt\/declaracao-de-acessibilidade\/"]}]},{"@type":"BreadcrumbList","@id":"https:\/\/amorabrava.celeumasandbox.pt\/declaracao-de-acessibilidade\/#breadcrumb","itemListElement":[{"@type":"ListItem","position":1,"name":"In\u00edcio","item":"https:\/\/amorabrava.celeumasandbox.pt\/"},{"@type":"ListItem","position":2,"name":"Declara\u00e7\u00e3o de Acessibilidade"}]},{"@type":"WebSite","@id":"https:\/\/amorabrava.celeumasandbox.pt\/#website","url":"https:\/\/amorabrava.celeumasandbox.pt\/","name":"Amora Brava","description":"Portuguese Wines &amp; worldwide flavors","publisher":{"@id":"https:\/\/amorabrava.celeumasandbox.pt\/#organization"},"potentialAction":[{"@type":"SearchAction","target":{"@type":"EntryPoint","urlTemplate":"https:\/\/amorabrava.celeumasandbox.pt\/?s={search_term_string}"},"query-input":{"@type":"PropertyValueSpecification","valueRequired":true,"valueName":"search_term_string"}}],"inLanguage":"en-GB"},{"@type":"Organization","@id":"https:\/\/amorabrava.celeumasandbox.pt\/#organization","name":"Amora Brava","url":"https:\/\/amorabrava.celeumasandbox.pt\/","logo":{"@type":"ImageObject","inLanguage":"en-GB","@id":"https:\/\/amorabrava.celeumasandbox.pt\/#\/schema\/logo\/image\/","url":"https:\/\/amorabrava.celeumasandbox.pt\/wp-content\/uploads\/2026\/02\/Logo.png","contentUrl":"https:\/\/amorabrava.celeumasandbox.pt\/wp-content\/uploads\/2026\/02\/Logo.png","width":192,"height":192,"caption":"Amora Brava"},"image":{"@id":"https:\/\/amorabrava.celeumasandbox.pt\/#\/schema\/logo\/image\/"}}]}},"_links":{"self":[{"href":"https:\/\/amorabrava.celeumasandbox.pt\/en\/wp-json\/wp\/v2\/pages\/8620","targetHints":{"allow":["GET"]}}],"collection":[{"href":"https:\/\/amorabrava.celeumasandbox.pt\/en\/wp-json\/wp\/v2\/pages"}],"about":[{"href":"https:\/\/amorabrava.celeumasandbox.pt\/en\/wp-json\/wp\/v2\/types\/page"}],"author":[{"embeddable":true,"href":"https:\/\/amorabrava.celeumasandbox.pt\/en\/wp-json\/wp\/v2\/users\/1"}],"replies":[{"embeddable":true,"href":"https:\/\/amorabrava.celeumasandbox.pt\/en\/wp-json\/wp\/v2\/comments?post=8620"}],"version-history":[{"count":7,"href":"https:\/\/amorabrava.celeumasandbox.pt\/en\/wp-json\/wp\/v2\/pages\/8620\/revisions"}],"predecessor-version":[{"id":8990,"href":"https:\/\/amorabrava.celeumasandbox.pt\/en\/wp-json\/wp\/v2\/pages\/8620\/revisions\/8990"}],"wp:attachment":[{"href":"https:\/\/amorabrava.celeumasandbox.pt\/en\/wp-json\/wp\/v2\/media?parent=8620"}],"curies":[{"name":"wp","href":"https:\/\/api.w.org\/{rel}","templated":true}]}}