{"id":2,"date":"2024-06-19T08:49:24","date_gmt":"2024-06-19T08:49:24","guid":{"rendered":"https:\/\/amorabrava.celeumasandbox.pt\/?page_id=2"},"modified":"2026-02-26T13:01:05","modified_gmt":"2026-02-26T13:01:05","slug":"sobre-nos","status":"publish","type":"page","link":"https:\/\/amorabrava.celeumasandbox.pt\/en\/sobre-nos\/","title":{"rendered":"About Us"},"content":{"rendered":"<p>A Amora Brava nasce da vontade de levar ao mundo o que Portugal tem de mais genu\u00edno: os seus vinhos, os seus sabores e a sua cultura. Produzimos, aperfei\u00e7oamos e comercializamos vinhos que refletem a riqueza das nossas regi\u00f5es vitivin\u00edcolas, combinando tradi\u00e7\u00e3o, inova\u00e7\u00e3o e um profundo respeito pela terra.<\/p>\n<p>Cada garrafa Amora Brava \u00e9 criada para ser uma experi\u00eancia sensorial. Queremos que quem prova os nossos vinhos sinta Portugal \u2014 a intensidade das nossas paisagens, a for\u00e7a das nossas ra\u00edzes e a paix\u00e3o que colocamos em cada detalhe. Trabalhamos com rigor, dedica\u00e7\u00e3o e um compromisso inabal\u00e1vel com a qualidade, para que o sabor portugu\u00eas viaje mais longe e conquiste quem o descobre.<\/p>\n<p>Amora Brava \u00e9 mais do que vinho. \u00c9 identidade, \u00e9 cultura, \u00e9 Portugal engarrafado.<\/p>","protected":false},"excerpt":{"rendered":"<p>A Amora Brava nasce da vontade de levar ao mundo o que Portugal tem de mais genu\u00edno: os seus vinhos, os seus sabores e a sua cultura. Produzimos, aperfei\u00e7oamos e comercializamos vinhos que refletem a riqueza das nossas regi\u00f5es vitivin\u00edcolas, combinando tradi\u00e7\u00e3o, inova\u00e7\u00e3o e um profundo respeito pela terra. Cada garrafa Amora Brava \u00e9 criada [&hellip;]<\/p>","protected":false},"author":1,"featured_media":8906,"parent":0,"menu_order":0,"comment_status":"closed","ping_status":"open","template":"page-about.php","meta":{"_acf_changed":false,"footnotes":""},"class_list":["post-2","page","type-page","status-publish","has-post-thumbnail","hentry"],"acf":[],"yoast_head":"<!-- This site is optimized with the Yoast SEO plugin v26.8 - https:\/\/yoast.com\/product\/yoast-seo-wordpress\/ -->\n<title>Sobre N\u00f3s - Amora Brava<\/title>\n<meta name=\"robots\" content=\"noindex, follow, max-snippet:-1, max-image-preview:large, max-video-preview:-1\" \/>\n<meta property=\"og:locale\" content=\"en_GB\" \/>\n<meta property=\"og:type\" content=\"article\" \/>\n<meta property=\"og:title\" content=\"Sobre N\u00f3s - Amora Brava\" \/>\n<meta property=\"og:description\" content=\"A Amora Brava nasce da vontade de levar ao mundo o que Portugal tem de mais genu\u00edno: os seus vinhos, os seus sabores e a sua cultura. Produzimos, aperfei\u00e7oamos e comercializamos vinhos que refletem a riqueza das nossas regi\u00f5es vitivin\u00edcolas, combinando tradi\u00e7\u00e3o, inova\u00e7\u00e3o e um profundo respeito pela terra. Cada garrafa Amora Brava \u00e9 criada [&hellip;]\" \/>\n<meta property=\"og:url\" content=\"https:\/\/amorabrava.celeumasandbox.pt\/en\/sobre-nos\/\" \/>\n<meta property=\"og:site_name\" content=\"Amora Brava\" \/>\n<meta property=\"article:modified_time\" content=\"2026-02-26T13:01:05+00:00\" \/>\n<meta property=\"og:image\" content=\"https:\/\/amorabrava.celeumasandbox.pt\/wp-content\/uploads\/2026\/02\/vinha-1024x683.png\" \/>\n\t<meta property=\"og:image:width\" content=\"1024\" \/>\n\t<meta property=\"og:image:height\" content=\"683\" \/>\n\t<meta property=\"og:image:type\" content=\"image\/png\" \/>\n<meta name=\"twitter:card\" content=\"summary_large_image\" \/>\n<meta name=\"twitter:label1\" content=\"Estimated reading time\" \/>\n\t<meta name=\"twitter:data1\" content=\"1 minute\" \/>\n<script type=\"application\/ld+json\" class=\"yoast-schema-graph\">{\"@context\":\"https:\/\/schema.org\",\"@graph\":[{\"@type\":\"WebPage\",\"@id\":\"https:\/\/amorabrava.celeumasandbox.pt\/sobre-nos\/\",\"url\":\"https:\/\/amorabrava.celeumasandbox.pt\/sobre-nos\/\",\"name\":\"Sobre N\u00f3s - Amora Brava\",\"isPartOf\":{\"@id\":\"https:\/\/amorabrava.celeumasandbox.pt\/#website\"},\"primaryImageOfPage\":{\"@id\":\"https:\/\/amorabrava.celeumasandbox.pt\/sobre-nos\/#primaryimage\"},\"image\":{\"@id\":\"https:\/\/amorabrava.celeumasandbox.pt\/sobre-nos\/#primaryimage\"},\"thumbnailUrl\":\"https:\/\/amorabrava.celeumasandbox.pt\/wp-content\/uploads\/2026\/02\/vinha.png\",\"datePublished\":\"2024-06-19T08:49:24+00:00\",\"dateModified\":\"2026-02-26T13:01:05+00:00\",\"breadcrumb\":{\"@id\":\"https:\/\/amorabrava.celeumasandbox.pt\/sobre-nos\/#breadcrumb\"},\"inLanguage\":\"en-GB\",\"potentialAction\":[{\"@type\":\"ReadAction\",\"target\":[\"https:\/\/amorabrava.celeumasandbox.pt\/sobre-nos\/\"]}]},{\"@type\":\"ImageObject\",\"inLanguage\":\"en-GB\",\"@id\":\"https:\/\/amorabrava.celeumasandbox.pt\/sobre-nos\/#primaryimage\",\"url\":\"https:\/\/amorabrava.celeumasandbox.pt\/wp-content\/uploads\/2026\/02\/vinha.png\",\"contentUrl\":\"https:\/\/amorabrava.celeumasandbox.pt\/wp-content\/uploads\/2026\/02\/vinha.png\",\"width\":1920,\"height\":1280},{\"@type\":\"BreadcrumbList\",\"@id\":\"https:\/\/amorabrava.celeumasandbox.pt\/sobre-nos\/#breadcrumb\",\"itemListElement\":[{\"@type\":\"ListItem\",\"position\":1,\"name\":\"In\u00edcio\",\"item\":\"https:\/\/amorabrava.celeumasandbox.pt\/\"},{\"@type\":\"ListItem\",\"position\":2,\"name\":\"Sobre N\u00f3s\"}]},{\"@type\":\"WebSite\",\"@id\":\"https:\/\/amorabrava.celeumasandbox.pt\/#website\",\"url\":\"https:\/\/amorabrava.celeumasandbox.pt\/\",\"name\":\"Amora Brava\",\"description\":\"Portuguese Wines &amp; worldwide flavors\",\"publisher\":{\"@id\":\"https:\/\/amorabrava.celeumasandbox.pt\/#organization\"},\"potentialAction\":[{\"@type\":\"SearchAction\",\"target\":{\"@type\":\"EntryPoint\",\"urlTemplate\":\"https:\/\/amorabrava.celeumasandbox.pt\/?s={search_term_string}\"},\"query-input\":{\"@type\":\"PropertyValueSpecification\",\"valueRequired\":true,\"valueName\":\"search_term_string\"}}],\"inLanguage\":\"en-GB\"},{\"@type\":\"Organization\",\"@id\":\"https:\/\/amorabrava.celeumasandbox.pt\/#organization\",\"name\":\"Amora Brava\",\"url\":\"https:\/\/amorabrava.celeumasandbox.pt\/\",\"logo\":{\"@type\":\"ImageObject\",\"inLanguage\":\"en-GB\",\"@id\":\"https:\/\/amorabrava.celeumasandbox.pt\/#\/schema\/logo\/image\/\",\"url\":\"https:\/\/amorabrava.celeumasandbox.pt\/wp-content\/uploads\/2026\/02\/Logo.png\",\"contentUrl\":\"https:\/\/amorabrava.celeumasandbox.pt\/wp-content\/uploads\/2026\/02\/Logo.png\",\"width\":192,\"height\":192,\"caption\":\"Amora Brava\"},\"image\":{\"@id\":\"https:\/\/amorabrava.celeumasandbox.pt\/#\/schema\/logo\/image\/\"}}]}<\/script>\n<!-- \/ Yoast SEO plugin. -->","yoast_head_json":{"title":"Sobre N\u00f3s - Amora Brava","robots":{"index":"noindex","follow":"follow","max-snippet":"max-snippet:-1","max-image-preview":"max-image-preview:large","max-video-preview":"max-video-preview:-1"},"og_locale":"en_GB","og_type":"article","og_title":"Sobre N\u00f3s - Amora Brava","og_description":"A Amora Brava nasce da vontade de levar ao mundo o que Portugal tem de mais genu\u00edno: os seus vinhos, os seus sabores e a sua cultura. Produzimos, aperfei\u00e7oamos e comercializamos vinhos que refletem a riqueza das nossas regi\u00f5es vitivin\u00edcolas, combinando tradi\u00e7\u00e3o, inova\u00e7\u00e3o e um profundo respeito pela terra. Cada garrafa Amora Brava \u00e9 criada [&hellip;]","og_url":"https:\/\/amorabrava.celeumasandbox.pt\/en\/sobre-nos\/","og_site_name":"Amora Brava","article_modified_time":"2026-02-26T13:01:05+00:00","og_image":[{"width":1024,"height":683,"url":"https:\/\/amorabrava.celeumasandbox.pt\/wp-content\/uploads\/2026\/02\/vinha-1024x683.png","type":"image\/png"}],"twitter_card":"summary_large_image","twitter_misc":{"Estimated reading time":"1 minute"},"schema":{"@context":"https:\/\/schema.org","@graph":[{"@type":"WebPage","@id":"https:\/\/amorabrava.celeumasandbox.pt\/sobre-nos\/","url":"https:\/\/amorabrava.celeumasandbox.pt\/sobre-nos\/","name":"Sobre N\u00f3s - Amora Brava","isPartOf":{"@id":"https:\/\/amorabrava.celeumasandbox.pt\/#website"},"primaryImageOfPage":{"@id":"https:\/\/amorabrava.celeumasandbox.pt\/sobre-nos\/#primaryimage"},"image":{"@id":"https:\/\/amorabrava.celeumasandbox.pt\/sobre-nos\/#primaryimage"},"thumbnailUrl":"https:\/\/amorabrava.celeumasandbox.pt\/wp-content\/uploads\/2026\/02\/vinha.png","datePublished":"2024-06-19T08:49:24+00:00","dateModified":"2026-02-26T13:01:05+00:00","breadcrumb":{"@id":"https:\/\/amorabrava.celeumasandbox.pt\/sobre-nos\/#breadcrumb"},"inLanguage":"en-GB","potentialAction":[{"@type":"ReadAction","target":["https:\/\/amorabrava.celeumasandbox.pt\/sobre-nos\/"]}]},{"@type":"ImageObject","inLanguage":"en-GB","@id":"https:\/\/amorabrava.celeumasandbox.pt\/sobre-nos\/#primaryimage","url":"https:\/\/amorabrava.celeumasandbox.pt\/wp-content\/uploads\/2026\/02\/vinha.png","contentUrl":"https:\/\/amorabrava.celeumasandbox.pt\/wp-content\/uploads\/2026\/02\/vinha.png","width":1920,"height":1280},{"@type":"BreadcrumbList","@id":"https:\/\/amorabrava.celeumasandbox.pt\/sobre-nos\/#breadcrumb","itemListElement":[{"@type":"ListItem","position":1,"name":"In\u00edcio","item":"https:\/\/amorabrava.celeumasandbox.pt\/"},{"@type":"ListItem","position":2,"name":"Sobre N\u00f3s"}]},{"@type":"WebSite","@id":"https:\/\/amorabrava.celeumasandbox.pt\/#website","url":"https:\/\/amorabrava.celeumasandbox.pt\/","name":"Amora Brava","description":"Portuguese Wines &amp; worldwide flavors","publisher":{"@id":"https:\/\/amorabrava.celeumasandbox.pt\/#organization"},"potentialAction":[{"@type":"SearchAction","target":{"@type":"EntryPoint","urlTemplate":"https:\/\/amorabrava.celeumasandbox.pt\/?s={search_term_string}"},"query-input":{"@type":"PropertyValueSpecification","valueRequired":true,"valueName":"search_term_string"}}],"inLanguage":"en-GB"},{"@type":"Organization","@id":"https:\/\/amorabrava.celeumasandbox.pt\/#organization","name":"Amora Brava","url":"https:\/\/amorabrava.celeumasandbox.pt\/","logo":{"@type":"ImageObject","inLanguage":"en-GB","@id":"https:\/\/amorabrava.celeumasandbox.pt\/#\/schema\/logo\/image\/","url":"https:\/\/amorabrava.celeumasandbox.pt\/wp-content\/uploads\/2026\/02\/Logo.png","contentUrl":"https:\/\/amorabrava.celeumasandbox.pt\/wp-content\/uploads\/2026\/02\/Logo.png","width":192,"height":192,"caption":"Amora Brava"},"image":{"@id":"https:\/\/amorabrava.celeumasandbox.pt\/#\/schema\/logo\/image\/"}}]}},"_links":{"self":[{"href":"https:\/\/amorabrava.celeumasandbox.pt\/en\/wp-json\/wp\/v2\/pages\/2","targetHints":{"allow":["GET"]}}],"collection":[{"href":"https:\/\/amorabrava.celeumasandbox.pt\/en\/wp-json\/wp\/v2\/pages"}],"about":[{"href":"https:\/\/amorabrava.celeumasandbox.pt\/en\/wp-json\/wp\/v2\/types\/page"}],"author":[{"embeddable":true,"href":"https:\/\/amorabrava.celeumasandbox.pt\/en\/wp-json\/wp\/v2\/users\/1"}],"replies":[{"embeddable":true,"href":"https:\/\/amorabrava.celeumasandbox.pt\/en\/wp-json\/wp\/v2\/comments?post=2"}],"version-history":[{"count":71,"href":"https:\/\/amorabrava.celeumasandbox.pt\/en\/wp-json\/wp\/v2\/pages\/2\/revisions"}],"predecessor-version":[{"id":8977,"href":"https:\/\/amorabrava.celeumasandbox.pt\/en\/wp-json\/wp\/v2\/pages\/2\/revisions\/8977"}],"wp:featuredmedia":[{"embeddable":true,"href":"https:\/\/amorabrava.celeumasandbox.pt\/en\/wp-json\/wp\/v2\/media\/8906"}],"wp:attachment":[{"href":"https:\/\/amorabrava.celeumasandbox.pt\/en\/wp-json\/wp\/v2\/media?parent=2"}],"curies":[{"name":"wp","href":"https:\/\/api.w.org\/{rel}","templated":true}]}}